{"id":474,"date":"2022-02-08T15:11:29","date_gmt":"2022-02-08T15:11:29","guid":{"rendered":"http:\/\/localhost\/wordpress\/wordpress\/?page_id=474"},"modified":"2025-11-13T01:08:09","modified_gmt":"2025-11-13T00:08:09","slug":"actualmente","status":"publish","type":"page","link":"https:\/\/disfranmoreno.com\/?page_id=474","title":{"rendered":"Actualmente"},"content":{"rendered":"\n<div class=\"wp-block-columns is-layout-flex wp-container-core-columns-is-layout-9d6595d7 wp-block-columns-is-layout-flex\">\n<div class=\"wp-block-column is-layout-flow wp-block-column-is-layout-flow\" style=\"flex-basis:33.33%\">\n<p class=\"has-drop-cap\">En la actualidad nuestras instalaciones se sit\u00faan en el pol\u00edgono industrial Alces, en la Calle Moravia.<\/p>\n\n\n\n<p>Con una superficie amplia, donde se instalan nuestra maquinaria y elementos necesarios para el buen funcionamiento del taller.<\/p>\n\n\n\n<p>Contando adem\u00e1s con la zona de oficina y recepci\u00f3n donde podr\u00e1n ser atendidos.<\/p>\n<\/div>\n\n\n\n<div class=\"wp-block-column is-layout-flow wp-block-column-is-layout-flow\" style=\"flex-basis:66.66%\">\n<figure class=\"wp-block-image size-full is-style-default\"><img loading=\"lazy\" decoding=\"async\" width=\"2048\" height=\"1195\" src=\"https:\/\/disfranmoreno.com\/wp-content\/uploads\/2025\/01\/DSC1568_RETOQUEcal60.jpg\" alt=\"Imagen a\u00e9rea de las instalaciones actuales\" class=\"wp-image-561\"\/><\/figure>\n<\/div>\n<\/div>\n\n\n","protected":false},"excerpt":{"rendered":"<p>En la actualidad nuestras instalaciones se sit\u00faan en el pol\u00edgono industrial Alces, en la Calle Moravia. Con una superficie amplia, donde se instalan nuestra maquinaria y elementos necesarios para el buen funcionamiento del taller. Contando adem\u00e1s con la zona de oficina y recepci\u00f3n donde podr\u00e1n ser atendidos.<\/p>\n","protected":false},"author":1,"featured_media":0,"parent":0,"menu_order":0,"comment_status":"closed","ping_status":"closed","template":"","meta":{"footnotes":""},"class_list":["post-474","page","type-page","status-publish","hentry"],"jetpack_sharing_enabled":true,"_links":{"self":[{"href":"https:\/\/disfranmoreno.com\/index.php?rest_route=\/wp\/v2\/pages\/474","targetHints":{"allow":["GET"]}}],"collection":[{"href":"https:\/\/disfranmoreno.com\/index.php?rest_route=\/wp\/v2\/pages"}],"about":[{"href":"https:\/\/disfranmoreno.com\/index.php?rest_route=\/wp\/v2\/types\/page"}],"author":[{"embeddable":true,"href":"https:\/\/disfranmoreno.com\/index.php?rest_route=\/wp\/v2\/users\/1"}],"replies":[{"embeddable":true,"href":"https:\/\/disfranmoreno.com\/index.php?rest_route=%2Fwp%2Fv2%2Fcomments&post=474"}],"version-history":[{"count":2,"href":"https:\/\/disfranmoreno.com\/index.php?rest_route=\/wp\/v2\/pages\/474\/revisions"}],"predecessor-version":[{"id":849,"href":"https:\/\/disfranmoreno.com\/index.php?rest_route=\/wp\/v2\/pages\/474\/revisions\/849"}],"wp:attachment":[{"href":"https:\/\/disfranmoreno.com\/index.php?rest_route=%2Fwp%2Fv2%2Fmedia&parent=474"}],"curies":[{"name":"wp","href":"https:\/\/api.w.org\/{rel}","templated":true}]}}