{"id":257,"date":"2022-02-04T10:58:14","date_gmt":"2022-02-04T10:58:14","guid":{"rendered":"http:\/\/localhost\/wordpress\/wordpress\/?page_id=257"},"modified":"2022-02-04T10:58:14","modified_gmt":"2022-02-04T10:58:14","slug":"principios-de-calidad","status":"publish","type":"page","link":"https:\/\/disfranmoreno.com\/?page_id=257","title":{"rendered":"Principios de calidad"},"content":{"rendered":"\n<p>La pol\u00edtica de Calidad de TALLERES DISFRAN MORENO tiene como principal objetivo, la satisfacci\u00f3n de las<br>necesidades expl\u00edcitas e impl\u00edcitas pactadas con sus clientes, ofreciendo un servicio permanente, oportuno y efectivo. Para ello, garantizar\u00e1 los recursos f\u00edsicos y humanos necesarios a la realizaci\u00f3n de referidos objetivos, dotando la Empresa de un equipo humano debidamente cualificado y preparado, lo suficientemente amplio. Dicho equipo de trabajo tendr\u00e1 a su disposici\u00f3n los medios f\u00edsicos y las herramientas de trabajo necesarias para realizar las respectivas actividades y desarrollar todo su potencial. Cabe al Director la evaluaci\u00f3n \u00faltima de las necesidades f\u00edsicas referidas.<\/p>\n\n\n\n<p class=\"has-drop-cap has-text-color has-background\" style=\"background-color:#d4efe7;color:#8b540d\"><br>Los principios en que se basa esta Pol\u00edtica de Calidad son:<br> > Cumplimiento de los requisitos legales y reglamentarios u otros requisitos aplicables a nuestros productos y adaptaci\u00f3n continuada a la normativa aplicable, as\u00ed como a las exigencias contractuales de nuestros clientes.<br> > Mejora continua del servicio de atenci\u00f3n al cliente<br> > Cumplir eficaz y puntualmente con los compromisos adquiridos, en la medida y el tiempo en que nos<br>hemos comprometido<br> > Promoci\u00f3n de los recursos t\u00e9cnicos y humanos para la mejora continua con la informaci\u00f3n y formaci\u00f3n<br>como pilares b\u00e1sicos<br> > Integraci\u00f3n de todos los trabajadores de la empresa en el Sistema de Calidad haci\u00e9ndoles copart\u00edcipes en la consecuci\u00f3n de los objetivos marcados.<\/p>\n\n\n\n<p><br>TALLERES DISFRAN MORENO basa su pol\u00edtica en el desarrollo satisfactorio de cada una de las funciones<br>anteriormente descritas asegurando la imparcialidad, integridad y confidencialidad de la informaci\u00f3n obtenida en el<br>transcurso de sus actividades.<\/p>\n","protected":false},"excerpt":{"rendered":"<p>La pol\u00edtica de Calidad de TALLERES DISFRAN MORENO tiene como principal objetivo, la satisfacci\u00f3n de lasnecesidades expl\u00edcitas e impl\u00edcitas pactadas con sus clientes, ofreciendo un servicio permanente, oportuno y efectivo. Para ello, garantizar\u00e1 los recursos f\u00edsicos y humanos necesarios a la realizaci\u00f3n de referidos objetivos, dotando la Empresa de un equipo humano debidamente cualificado y [&hellip;]<\/p>\n","protected":false},"author":1,"featured_media":0,"parent":0,"menu_order":0,"comment_status":"closed","ping_status":"closed","template":"","meta":{"footnotes":""},"class_list":["post-257","page","type-page","status-publish","hentry"],"jetpack_sharing_enabled":true,"_links":{"self":[{"href":"https:\/\/disfranmoreno.com\/index.php?rest_route=\/wp\/v2\/pages\/257","targetHints":{"allow":["GET"]}}],"collection":[{"href":"https:\/\/disfranmoreno.com\/index.php?rest_route=\/wp\/v2\/pages"}],"about":[{"href":"https:\/\/disfranmoreno.com\/index.php?rest_route=\/wp\/v2\/types\/page"}],"author":[{"embeddable":true,"href":"https:\/\/disfranmoreno.com\/index.php?rest_route=\/wp\/v2\/users\/1"}],"replies":[{"embeddable":true,"href":"https:\/\/disfranmoreno.com\/index.php?rest_route=%2Fwp%2Fv2%2Fcomments&post=257"}],"version-history":[{"count":0,"href":"https:\/\/disfranmoreno.com\/index.php?rest_route=\/wp\/v2\/pages\/257\/revisions"}],"wp:attachment":[{"href":"https:\/\/disfranmoreno.com\/index.php?rest_route=%2Fwp%2Fv2%2Fmedia&parent=257"}],"curies":[{"name":"wp","href":"https:\/\/api.w.org\/{rel}","templated":true}]}}