{"id":239,"date":"2022-02-04T10:24:05","date_gmt":"2022-02-04T10:24:05","guid":{"rendered":"http:\/\/localhost\/wordpress\/wordpress\/?page_id=239"},"modified":"2025-11-13T11:12:07","modified_gmt":"2025-11-13T10:12:07","slug":"politica-de-calidad","status":"publish","type":"page","link":"https:\/\/disfranmoreno.com\/?page_id=239","title":{"rendered":"Calidad"},"content":{"rendered":"<div data-colibri-id=\"239-c1\" class=\"style-340 style-local-239-c1 position-relative\">\r\n  <!---->\r\n  <div data-colibri-component=\"section\" data-colibri-id=\"239-c2\" id=\"features\" class=\"h-section h-section-global-spacing d-flex align-items-lg-center align-items-md-center align-items-center style-341 style-local-239-c2 position-relative\">\r\n    <!---->\r\n    <!---->\r\n    <div class=\"h-section-grid-container h-section-boxed-container\">\r\n      <!---->\r\n      <div data-colibri-id=\"239-c3\" class=\"h-row-container gutters-row-lg-2 gutters-row-md-2 gutters-row-0 gutters-row-v-lg-2 gutters-row-v-md-2 gutters-row-v-2 style-342 style-local-239-c3 position-relative\">\r\n        <!---->\r\n        <div class=\"h-row justify-content-lg-center justify-content-md-center justify-content-center align-items-lg-stretch align-items-md-stretch align-items-stretch gutters-col-lg-2 gutters-col-md-2 gutters-col-0 gutters-col-v-lg-2 gutters-col-v-md-2 gutters-col-v-2\">\r\n          <!---->\r\n          <div class=\"h-column h-column-container d-flex h-col-lg-6 h-col-md-6 h-col-12 style-343-outer style-local-239-c4-outer\">\r\n            <div data-colibri-id=\"239-c4\" class=\"d-flex h-flex-basis h-column__inner h-px-lg-2 h-px-md-2 h-px-2 v-inner-lg-2 v-inner-md-2 v-inner-2 style-343 style-local-239-c4 position-relative\">\r\n              <!---->\r\n              <!---->\r\n              <div class=\"w-100 h-y-container h-column__content h-column__v-align flex-basis-100 align-self-lg-start align-self-md-start align-self-start\">\r\n                <!---->\r\n                <div data-colibri-id=\"239-c6\" class=\"h-global-transition-all h-heading style-345 style-local-239-c6 position-relative h-element\">\r\n                  <!---->\r\n                  <div class=\"h-heading__outer style-345 style-local-239-c6\">\r\n                    <!---->\r\n                    <!---->\r\n                    <h1 class=\"\">SISTEMA DE CALIDAD<\/h1>\r\n                  <\/div>\r\n                <\/div>\r\n                <div data-colibri-id=\"239-c7\" class=\"h-text h-text-component style-346 style-local-239-c7 position-relative h-element\">\r\n                  <!---->\r\n                  <!---->\r\n                  <div class=\"\">\r\n                    <p>Planteamos un sistema de gestion de calidad implementado en la planificaci\u00f3n, gestion y elaboraci\u00f3n de los procesos consiguiendo mayores niveles de calidad.<\/p>\r\n                    <p>Si desea conocer m\u00e1s a fondo, descargue nuestra pol\u00edtica de calidad completa.<\/p>\r\n                  <\/div>\r\n                <\/div>\r\n                <div data-colibri-id=\"239-c8\" class=\"h-x-container style-347 style-local-239-c8 position-relative h-element\">\r\n                  <!---->\r\n                  <div class=\"h-x-container-inner style-dynamic-239-c8-group style-347-spacing style-local-239-c8-spacing\"><span class=\"h-button__outer style-348-outer style-local-239-c9-outer d-inline-flex h-element\"><a h-use-smooth-scroll=\"true\" href=\"https:\/\/disfranmoreno.com\/wp-content\/uploads\/2025\/01\/Anexo-2-Politica-de-Calidad-2022.pdf\" target=\"_blank\"  data-colibri-id=\"239-c9\" class=\"d-flex w-100 align-items-center h-button justify-content-lg-center justify-content-md-center justify-content-center style-348 style-local-239-c9 position-relative\"><!----><!----> <span>Pol\u00edtica de calidad<\/span><\/a>\r\n                    <\/span>\r\n                  <\/div>\r\n                <\/div>\r\n              <\/div>\r\n            <\/div>\r\n          <\/div>\r\n          <div class=\"h-column h-column-container d-flex h-col-lg-6 h-col-md-6 h-col-12 style-343-outer style-local-239-c10-outer\">\r\n            <div data-colibri-id=\"239-c10\" class=\"d-flex h-flex-basis h-column__inner h-px-lg-2 h-px-md-2 h-px-2 v-inner-lg-2 v-inner-md-2 v-inner-2 style-343 style-local-239-c10 position-relative\">\r\n              <!---->\r\n              <!---->\r\n              <div class=\"w-100 h-y-container h-column__content h-column__v-align flex-basis-100 align-self-lg-start align-self-md-start align-self-start\">\r\n                <!---->\r\n                <div data-colibri-id=\"239-c12\" class=\"h-global-transition-all h-heading style-345 style-local-239-c12 position-relative h-element\">\r\n                  <!---->\r\n                  <div class=\"h-heading__outer style-345 style-local-239-c12\">\r\n                    <!---->\r\n                    <!---->\r\n                    <h1 class=\"\">Resultados&nbsp;<\/h1>\r\n                  <\/div>\r\n                <\/div>\r\n                <div data-colibri-id=\"239-c13\" class=\"h-text h-text-component style-346 style-local-239-c13 position-relative h-element\">\r\n                  <!---->\r\n                  <!---->\r\n                  <div class=\"\">\r\n                    <p>Gracias a nuestro sistema de calidad, conseguimos mejores resultados de eficiencia, mediante el establecimiento y revisi\u00f3n de objetivos ofreciendo la mejora continua.<\/p>\r\n                  <\/div>\r\n                <\/div>\r\n              <\/div>\r\n            <\/div>\r\n          <\/div>\r\n          <div class=\"h-column h-column-container d-flex h-col-lg-6 h-col-md-6 h-col-12 style-343-outer style-local-239-c14-outer\">\r\n            <div data-colibri-id=\"239-c14\" class=\"d-flex h-flex-basis h-column__inner h-px-lg-2 h-px-md-2 h-px-2 v-inner-lg-2 v-inner-md-2 v-inner-2 style-343 style-local-239-c14 position-relative\">\r\n              <!---->\r\n              <!---->\r\n              <div class=\"w-100 h-y-container h-column__content h-column__v-align flex-basis-100 align-self-lg-start align-self-md-start align-self-start\">\r\n                <!---->\r\n                <div data-colibri-id=\"239-c16\" class=\"h-global-transition-all h-heading style-345 style-local-239-c16 position-relative h-element\">\r\n                  <!---->\r\n                  <div class=\"h-heading__outer style-345 style-local-239-c16\">\r\n                    <!---->\r\n                    <!---->\r\n                    <h1 class=\"\">Compromiso<\/h1>\r\n                  <\/div>\r\n                <\/div>\r\n                <div data-colibri-id=\"239-c17\" class=\"h-text h-text-component style-346 style-local-239-c17 position-relative h-element\">\r\n                  <!---->\r\n                  <!---->\r\n                  <div class=\"\">\r\n                    <p>Nuestra direcci\u00f3n se asegurar\u00e1 que las actividades, productos y servicios se ajustan a esta pol\u00edtica de calidad, considerando la calidad como un factor presente en el conjunto de la empresa.<\/p>\r\n                  <\/div>\r\n                <\/div>\r\n              <\/div>\r\n            <\/div>\r\n          <\/div>\r\n          <div class=\"h-column h-column-container d-flex h-col-lg-6 h-col-md-6 h-col-12 style-343-outer style-local-239-c18-outer\">\r\n            <div data-colibri-id=\"239-c18\" class=\"d-flex h-flex-basis h-column__inner h-px-lg-2 h-px-md-2 h-px-2 v-inner-lg-2 v-inner-md-2 v-inner-2 style-343 style-local-239-c18 position-relative\">\r\n              <!---->\r\n              <!---->\r\n              <div class=\"w-100 h-y-container h-column__content h-column__v-align flex-basis-100 align-self-lg-start align-self-md-start align-self-start\">\r\n                <!---->\r\n                <div data-colibri-id=\"239-c20\" class=\"h-global-transition-all h-heading style-345 style-local-239-c20 position-relative h-element\">\r\n                  <!---->\r\n                  <div class=\"h-heading__outer style-345 style-local-239-c20\">\r\n                    <!---->\r\n                    <!---->\r\n                    <h1 class=\"\">Principios de calidad<\/h1>\r\n                  <\/div>\r\n                <\/div>\r\n                <div data-colibri-id=\"239-c21\" class=\"h-text h-text-component style-346 style-local-239-c21 position-relative h-element\">\r\n                  <!---->\r\n                  <!---->\r\n                  <div class=\"\">\r\n                    <p>Estamos comprometidos con la normativa legal, as\u00ed como con las exigencias de nuestros clientes. En constante actualizaci\u00f3n y mejora continua. Cumpliendo con los compromisos adquiridos. La promoci\u00f3n t\u00e9cnica y humana, informaci\u00f3n y formaci\u00f3n\r\n                      nuestros pilares b\u00e1sicos.<\/p>\r\n                  <\/div>\r\n                <\/div>\r\n                <div data-colibri-id=\"239-c22\" class=\"h-x-container style-347 style-local-239-c22 position-relative h-element\">\r\n                  <!---->\r\n                  <div class=\"h-x-container-inner style-dynamic-239-c22-group style-347-spacing style-local-239-c22-spacing\"><span class=\"h-button__outer style-348-outer style-local-239-c23-outer d-inline-flex h-element\"><a h-use-smooth-scroll=\"true\" href=\"https:\/\/disfranmoreno.com\/?page_id=257\"  data-colibri-id=\"239-c23\" class=\"d-flex w-100 align-items-center h-button justify-content-lg-center justify-content-md-center justify-content-center style-348 style-local-239-c23 position-relative\"><!----><!----> <span>Nuestros principios<\/span><\/a>\r\n                    <\/span>\r\n                  <\/div>\r\n                <\/div>\r\n              <\/div>\r\n            <\/div>\r\n          <\/div>\r\n          <div class=\"h-column h-column-container d-flex h-col-lg-6 h-col-md-6 h-col-12 style-236-outer style-local-239-c30-outer\">\r\n            <div data-colibri-id=\"239-c30\" class=\"d-flex h-flex-basis h-column__inner h-ui-empty-state-container h-px-lg-2 h-px-md-2 h-px-2 v-inner-lg-2 v-inner-md-2 v-inner-2 style-236 style-local-239-c30 position-relative\">\r\n              <!---->\r\n              <!---->\r\n              <div class=\"w-100 h-y-container h-column__content h-column__v-align flex-basis-100\">\r\n                <!---->\r\n              <\/div>\r\n            <\/div>\r\n          <\/div>\r\n        <\/div>\r\n      <\/div>\r\n    <\/div>\r\n  <\/div>\r\n<\/div>","protected":false},"excerpt":{"rendered":"<p>SISTEMA DE CALIDAD Planteamos un sistema de gestion de calidad implementado en la planificaci\u00f3n, gestion y elaboraci\u00f3n de los procesos consiguiendo mayores niveles de calidad. Si desea conocer m\u00e1s a fondo, descargue nuestra pol\u00edtica de calidad completa. Pol\u00edtica de calidad Resultados&nbsp; Gracias a nuestro sistema de calidad, conseguimos mejores resultados de eficiencia, mediante el establecimiento [&hellip;]<\/p>\n","protected":false},"author":1,"featured_media":0,"parent":0,"menu_order":0,"comment_status":"closed","ping_status":"closed","template":"page-templates\/full-width-page.php","meta":{"footnotes":""},"class_list":["post-239","page","type-page","status-publish","hentry"],"jetpack_sharing_enabled":true,"_links":{"self":[{"href":"https:\/\/disfranmoreno.com\/index.php?rest_route=\/wp\/v2\/pages\/239","targetHints":{"allow":["GET"]}}],"collection":[{"href":"https:\/\/disfranmoreno.com\/index.php?rest_route=\/wp\/v2\/pages"}],"about":[{"href":"https:\/\/disfranmoreno.com\/index.php?rest_route=\/wp\/v2\/types\/page"}],"author":[{"embeddable":true,"href":"https:\/\/disfranmoreno.com\/index.php?rest_route=\/wp\/v2\/users\/1"}],"replies":[{"embeddable":true,"href":"https:\/\/disfranmoreno.com\/index.php?rest_route=%2Fwp%2Fv2%2Fcomments&post=239"}],"version-history":[{"count":11,"href":"https:\/\/disfranmoreno.com\/index.php?rest_route=\/wp\/v2\/pages\/239\/revisions"}],"predecessor-version":[{"id":826,"href":"https:\/\/disfranmoreno.com\/index.php?rest_route=\/wp\/v2\/pages\/239\/revisions\/826"}],"wp:attachment":[{"href":"https:\/\/disfranmoreno.com\/index.php?rest_route=%2Fwp%2Fv2%2Fmedia&parent=239"}],"curies":[{"name":"wp","href":"https:\/\/api.w.org\/{rel}","templated":true}]}}